{"id":3615,"date":"2020-07-24T10:39:26","date_gmt":"2020-07-24T08:39:26","guid":{"rendered":"https:\/\/www.egitto.sma.unipi.it\/grazie-thank-you\/"},"modified":"2021-06-29T14:38:30","modified_gmt":"2021-06-29T12:38:30","slug":"grazie-thank-you","status":"publish","type":"page","link":"https:\/\/www.egitto.sma.unipi.it\/en\/grazie-thank-you\/","title":{"rendered":"Grazie \/ Thank you"},"content":{"rendered":"<p>Grazie di aver prenotato la visita alle Collezioni Egittologiche, saremo felici di accogliervi!<\/p>\n<p>A breve riceverete un\u2019e-mail di conferma.<\/p>\n<p>La prenotazione \u00e8 valida se si arriva entro 30 minuti dalla fascia oraria prenotata. Oltre non \u00e8 pi\u00f9 valida.<\/p>\n<p>Le Collezioni Egittologiche si trovano al <strong>primo piano<\/strong> del <strong>Palazzo Mazzarosa<\/strong> situato in <strong>Via San Frediano 12<\/strong>, a due passi da <strong>Piazza dei Cavalieri<\/strong>. \u00c8 necessario suonare il campanello.<\/p>\n<p>Una volta entrati, baster\u00e0 mostrare la vostra prenotazione al personale e potrete pagare direttamente presso la biglietteria.<\/p>\n<p>Vi aspettiamo!<\/p>\n<hr \/>\n<p><em>Thanks for booking your visit to the Museum, we will be glad to welcome you.<\/em><\/p>\n<p><em>You will shortly receive a confirmation email.<\/em><\/p>\n<p><em>The reservation is valid if you arrive within 30 minutes of the booked time slot. Besides it is no longer valid.<\/em><br \/>\n<em>Once you arrive at the Museum, just show your reservation (printed, or, recommended, on your device) to the staff and you can pay directly at the ticket office.<\/em><\/p>\n<p><em>Looking forward to see you!<\/em><\/p>\n","protected":false},"excerpt":{"rendered":"<p>Grazie di aver prenotato la visita alle Collezioni Egittologiche, saremo felici di accogliervi! A breve riceverete un\u2019e-mail di conferma. La prenotazione \u00e8 valida se si arriva entro 30 minuti dalla fascia oraria prenotata. Oltre non \u00e8 pi\u00f9 valida. Le Collezioni Egittologiche si trovano al primo piano del Palazzo Mazzarosa situato in Via San Frediano 12,<a class=\"btn btn-blue\" href=\"https:\/\/www.egitto.sma.unipi.it\/en\/grazie-thank-you\/\">Read more &gt;<\/a><\/p>\n","protected":false},"author":10,"featured_media":0,"parent":0,"menu_order":0,"comment_status":"closed","ping_status":"closed","template":"","meta":{"footnotes":""},"yoast_head":"<!-- This site is optimized with the Yoast SEO plugin v24.5 - https:\/\/yoast.com\/wordpress\/plugins\/seo\/ -->\n<title>Grazie \/ Thank you - Collezioni Egittologiche<\/title>\n<meta name=\"robots\" content=\"index, follow, max-snippet:-1, max-image-preview:large, max-video-preview:-1\" \/>\n<link rel=\"canonical\" href=\"https:\/\/www.egitto.sma.unipi.it\/en\/grazie-thank-you\/\" \/>\n<meta property=\"og:locale\" content=\"en_US\" \/>\n<meta property=\"og:type\" content=\"article\" \/>\n<meta property=\"og:title\" content=\"Grazie \/ Thank you - Collezioni Egittologiche\" \/>\n<meta property=\"og:description\" content=\"Grazie di aver prenotato la visita alle Collezioni Egittologiche, saremo felici di accogliervi! A breve riceverete un\u2019e-mail di conferma. La prenotazione \u00e8 valida se si arriva entro 30 minuti dalla fascia oraria prenotata. Oltre non \u00e8 pi\u00f9 valida. Le Collezioni Egittologiche si trovano al primo piano del Palazzo Mazzarosa situato in Via San Frediano 12,Read more &gt;\" \/>\n<meta property=\"og:url\" content=\"https:\/\/www.egitto.sma.unipi.it\/en\/grazie-thank-you\/\" \/>\n<meta property=\"og:site_name\" content=\"Collezioni Egittologiche\" \/>\n<meta property=\"article:modified_time\" content=\"2021-06-29T12:38:30+00:00\" \/>\n<meta name=\"twitter:card\" content=\"summary_large_image\" \/>\n<meta name=\"twitter:label1\" content=\"Est. reading time\" \/>\n\t<meta name=\"twitter:data1\" content=\"1 minute\" \/>\n<script type=\"application\/ld+json\" class=\"yoast-schema-graph\">{\"@context\":\"https:\/\/schema.org\",\"@graph\":[{\"@type\":\"WebPage\",\"@id\":\"https:\/\/www.egitto.sma.unipi.it\/en\/grazie-thank-you\/\",\"url\":\"https:\/\/www.egitto.sma.unipi.it\/en\/grazie-thank-you\/\",\"name\":\"Grazie \/ Thank you - Collezioni Egittologiche\",\"isPartOf\":{\"@id\":\"https:\/\/www.egitto.sma.unipi.it\/en\/#website\"},\"datePublished\":\"2020-07-24T08:39:26+00:00\",\"dateModified\":\"2021-06-29T12:38:30+00:00\",\"breadcrumb\":{\"@id\":\"https:\/\/www.egitto.sma.unipi.it\/en\/grazie-thank-you\/#breadcrumb\"},\"inLanguage\":\"en-US\",\"potentialAction\":[{\"@type\":\"ReadAction\",\"target\":[\"https:\/\/www.egitto.sma.unipi.it\/en\/grazie-thank-you\/\"]}]},{\"@type\":\"BreadcrumbList\",\"@id\":\"https:\/\/www.egitto.sma.unipi.it\/en\/grazie-thank-you\/#breadcrumb\",\"itemListElement\":[{\"@type\":\"ListItem\",\"position\":1,\"name\":\"Home\",\"item\":\"https:\/\/www.egitto.sma.unipi.it\/en\/\"},{\"@type\":\"ListItem\",\"position\":2,\"name\":\"Grazie \/ Thank you\"}]},{\"@type\":\"WebSite\",\"@id\":\"https:\/\/www.egitto.sma.unipi.it\/en\/#website\",\"url\":\"https:\/\/www.egitto.sma.unipi.it\/en\/\",\"name\":\"Collezioni Egittologiche\",\"description\":\"Museo di Anatomia Umana dell&#039;Universit\u00e0 di Pisa\",\"potentialAction\":[{\"@type\":\"SearchAction\",\"target\":{\"@type\":\"EntryPoint\",\"urlTemplate\":\"https:\/\/www.egitto.sma.unipi.it\/en\/?s={search_term_string}\"},\"query-input\":{\"@type\":\"PropertyValueSpecification\",\"valueRequired\":true,\"valueName\":\"search_term_string\"}}],\"inLanguage\":\"en-US\"}]}<\/script>\n<!-- \/ Yoast SEO plugin. -->","yoast_head_json":{"title":"Grazie \/ Thank you - Collezioni Egittologiche","robots":{"index":"index","follow":"follow","max-snippet":"max-snippet:-1","max-image-preview":"max-image-preview:large","max-video-preview":"max-video-preview:-1"},"canonical":"https:\/\/www.egitto.sma.unipi.it\/en\/grazie-thank-you\/","og_locale":"en_US","og_type":"article","og_title":"Grazie \/ Thank you - Collezioni Egittologiche","og_description":"Grazie di aver prenotato la visita alle Collezioni Egittologiche, saremo felici di accogliervi! A breve riceverete un\u2019e-mail di conferma. La prenotazione \u00e8 valida se si arriva entro 30 minuti dalla fascia oraria prenotata. Oltre non \u00e8 pi\u00f9 valida. Le Collezioni Egittologiche si trovano al primo piano del Palazzo Mazzarosa situato in Via San Frediano 12,Read more &gt;","og_url":"https:\/\/www.egitto.sma.unipi.it\/en\/grazie-thank-you\/","og_site_name":"Collezioni Egittologiche","article_modified_time":"2021-06-29T12:38:30+00:00","twitter_card":"summary_large_image","twitter_misc":{"Est. reading time":"1 minute"},"schema":{"@context":"https:\/\/schema.org","@graph":[{"@type":"WebPage","@id":"https:\/\/www.egitto.sma.unipi.it\/en\/grazie-thank-you\/","url":"https:\/\/www.egitto.sma.unipi.it\/en\/grazie-thank-you\/","name":"Grazie \/ Thank you - Collezioni Egittologiche","isPartOf":{"@id":"https:\/\/www.egitto.sma.unipi.it\/en\/#website"},"datePublished":"2020-07-24T08:39:26+00:00","dateModified":"2021-06-29T12:38:30+00:00","breadcrumb":{"@id":"https:\/\/www.egitto.sma.unipi.it\/en\/grazie-thank-you\/#breadcrumb"},"inLanguage":"en-US","potentialAction":[{"@type":"ReadAction","target":["https:\/\/www.egitto.sma.unipi.it\/en\/grazie-thank-you\/"]}]},{"@type":"BreadcrumbList","@id":"https:\/\/www.egitto.sma.unipi.it\/en\/grazie-thank-you\/#breadcrumb","itemListElement":[{"@type":"ListItem","position":1,"name":"Home","item":"https:\/\/www.egitto.sma.unipi.it\/en\/"},{"@type":"ListItem","position":2,"name":"Grazie \/ Thank you"}]},{"@type":"WebSite","@id":"https:\/\/www.egitto.sma.unipi.it\/en\/#website","url":"https:\/\/www.egitto.sma.unipi.it\/en\/","name":"Collezioni Egittologiche","description":"Museo di Anatomia Umana dell&#039;Universit\u00e0 di Pisa","potentialAction":[{"@type":"SearchAction","target":{"@type":"EntryPoint","urlTemplate":"https:\/\/www.egitto.sma.unipi.it\/en\/?s={search_term_string}"},"query-input":{"@type":"PropertyValueSpecification","valueRequired":true,"valueName":"search_term_string"}}],"inLanguage":"en-US"}]}},"jetpack_sharing_enabled":true,"_links":{"self":[{"href":"https:\/\/www.egitto.sma.unipi.it\/en\/wp-json\/wp\/v2\/pages\/3615"}],"collection":[{"href":"https:\/\/www.egitto.sma.unipi.it\/en\/wp-json\/wp\/v2\/pages"}],"about":[{"href":"https:\/\/www.egitto.sma.unipi.it\/en\/wp-json\/wp\/v2\/types\/page"}],"author":[{"embeddable":true,"href":"https:\/\/www.egitto.sma.unipi.it\/en\/wp-json\/wp\/v2\/users\/10"}],"replies":[{"embeddable":true,"href":"https:\/\/www.egitto.sma.unipi.it\/en\/wp-json\/wp\/v2\/comments?post=3615"}],"version-history":[{"count":1,"href":"https:\/\/www.egitto.sma.unipi.it\/en\/wp-json\/wp\/v2\/pages\/3615\/revisions"}],"predecessor-version":[{"id":3994,"href":"https:\/\/www.egitto.sma.unipi.it\/en\/wp-json\/wp\/v2\/pages\/3615\/revisions\/3994"}],"wp:attachment":[{"href":"https:\/\/www.egitto.sma.unipi.it\/en\/wp-json\/wp\/v2\/media?parent=3615"}],"curies":[{"name":"wp","href":"https:\/\/api.w.org\/{rel}","templated":true}]}}